{"id":1692,"date":"2021-12-10T18:55:51","date_gmt":"2021-12-10T23:55:51","guid":{"rendered":"https:\/\/www.emvolt.com\/team\/"},"modified":"2022-01-31T16:11:05","modified_gmt":"2022-01-31T21:11:05","slug":"team","status":"publish","type":"page","link":"https:\/\/www.emvolt.com\/en\/team\/","title":{"rendered":"Team"},"content":{"rendered":"\t\t<div data-elementor-type=\"wp-page\" data-elementor-id=\"1692\" class=\"elementor elementor-1692 elementor-365\" data-elementor-post-type=\"page\">\n\t\t\t\t\t\t<section class=\"elementor-section elementor-top-section elementor-element elementor-element-14df821 elementor-section-boxed elementor-section-height-default elementor-section-height-default\" data-id=\"14df821\" data-element_type=\"section\" data-e-type=\"section\" data-settings=\"{&quot;background_background&quot;:&quot;classic&quot;}\">\n\t\t\t\t\t\t\t<div class=\"elementor-background-overlay\"><\/div>\n\t\t\t\t\t\t\t<div class=\"elementor-container elementor-column-gap-no\">\n\t\t\t\t\t<div class=\"elementor-column elementor-col-100 elementor-top-column elementor-element elementor-element-2020652\" data-id=\"2020652\" data-element_type=\"column\" data-e-type=\"column\">\n\t\t\t<div class=\"elementor-widget-wrap elementor-element-populated\">\n\t\t\t\t\t\t<div class=\"elementor-element elementor-element-853ad76 elementor-widget-divider--view-line elementor-widget elementor-widget-divider\" data-id=\"853ad76\" data-element_type=\"widget\" data-e-type=\"widget\" data-widget_type=\"divider.default\">\n\t\t\t\t<div class=\"elementor-widget-container\">\n\t\t\t\t\t\t\t<div class=\"elementor-divider\">\n\t\t\t<span class=\"elementor-divider-separator\">\n\t\t\t\t\t\t<\/span>\n\t\t<\/div>\n\t\t\t\t\t\t<\/div>\n\t\t\t\t<\/div>\n\t\t\t\t\t<\/div>\n\t\t<\/div>\n\t\t\t\t\t<\/div>\n\t\t<\/section>\n\t\t\t\t<section class=\"elementor-section elementor-top-section elementor-element elementor-element-2ac3797 elementor-section-boxed elementor-section-height-default elementor-section-height-default\" data-id=\"2ac3797\" data-element_type=\"section\" data-e-type=\"section\">\n\t\t\t\t\t\t<div class=\"elementor-container elementor-column-gap-default\">\n\t\t\t\t\t<div class=\"elementor-column elementor-col-100 elementor-top-column elementor-element elementor-element-0b10073\" data-id=\"0b10073\" data-element_type=\"column\" data-e-type=\"column\">\n\t\t\t<div class=\"elementor-widget-wrap elementor-element-populated\">\n\t\t\t\t\t\t<section class=\"elementor-section elementor-inner-section elementor-element elementor-element-aa6a8be elementor-section-boxed elementor-section-height-default elementor-section-height-default\" data-id=\"aa6a8be\" data-element_type=\"section\" data-e-type=\"section\">\n\t\t\t\t\t\t<div class=\"elementor-container elementor-column-gap-no\">\n\t\t\t\t\t<div class=\"elementor-column elementor-col-33 elementor-inner-column elementor-element elementor-element-4104857\" data-id=\"4104857\" data-element_type=\"column\" data-e-type=\"column\">\n\t\t\t<div class=\"elementor-widget-wrap elementor-element-populated\">\n\t\t\t\t\t\t<div class=\"elementor-element elementor-element-2b9bb58 elementor-widget-divider--view-line elementor-widget elementor-widget-divider\" data-id=\"2b9bb58\" data-element_type=\"widget\" data-e-type=\"widget\" data-widget_type=\"divider.default\">\n\t\t\t\t<div class=\"elementor-widget-container\">\n\t\t\t\t\t\t\t<div class=\"elementor-divider\">\n\t\t\t<span class=\"elementor-divider-separator\">\n\t\t\t\t\t\t<\/span>\n\t\t<\/div>\n\t\t\t\t\t\t<\/div>\n\t\t\t\t<\/div>\n\t\t\t\t<div class=\"elementor-element elementor-element-4ca9b04 elementor-widget elementor-widget-heading\" data-id=\"4ca9b04\" data-element_type=\"widget\" data-e-type=\"widget\" data-widget_type=\"heading.default\">\n\t\t\t\t<div class=\"elementor-widget-container\">\n\t\t\t\t\t<h2 class=\"elementor-heading-title elementor-size-default\">Erick Montreuil<\/h2>\t\t\t\t<\/div>\n\t\t\t\t<\/div>\n\t\t\t\t\t<\/div>\n\t\t<\/div>\n\t\t\t\t<div class=\"elementor-column elementor-col-66 elementor-inner-column elementor-element elementor-element-135aaae\" data-id=\"135aaae\" data-element_type=\"column\" data-e-type=\"column\">\n\t\t\t<div class=\"elementor-widget-wrap elementor-element-populated\">\n\t\t\t\t\t\t<div class=\"elementor-element elementor-element-c8e21f2 elementor-widget elementor-widget-text-editor\" data-id=\"c8e21f2\" data-element_type=\"widget\" data-e-type=\"widget\" data-widget_type=\"text-editor.default\">\n\t\t\t\t<div class=\"elementor-widget-container\">\n\t\t\t\t\t\t\t\t\t<p>Throughout his involvement in dairy, hog and poultry farms and in many research projects, Erick was able to develop analysis methodologies, well suited for the particular environment of small, medium and large agricultural exploitation, in order to determine the presence and quantity of leakage current that affect herd performance.<\/p>\t\t\t\t\t\t\t\t<\/div>\n\t\t\t\t<\/div>\n\t\t\t\t<div class=\"elementor-element elementor-element-45aca73 elementor-widget elementor-widget-text-editor\" data-id=\"45aca73\" data-element_type=\"widget\" data-e-type=\"widget\" data-widget_type=\"text-editor.default\">\n\t\t\t\t<div class=\"elementor-widget-container\">\n\t\t\t\t\t\t\t\t\t<p>This measurement protocols compliance and his ability to popularize the stray voltage phenomenon to the customer led him to work in:<\/p><p>&#8211; 31 states in the US,<\/p><p>&#8211; 9 Canadian provinces.<\/p><p>His wealth of experience is very broad and constantly evolving.<\/p><ul><li>Laboratory technician and experimental tests,<\/li><li>Project manager for large farms (US market),<\/li><li>Stray voltage trainer for electrical contractors and milking equipment distributors (US and Canadian market)<\/li><li>Instrumentation trainer on frequency generator (electromagnetic pulse)<\/li><li>Network trainer (IT, wifi, etc&#8230;)<\/li><\/ul><p><strong>2016<\/strong> &#8211; Author of a project on disappointing results.<\/p><p><strong>2016<\/strong> &#8211; Author of a project on the evaluation of stray voltage correction techniques currently available.<\/p><p><strong>2016<\/strong> &#8211; Author of a project on the negative impacts of ID system.<\/p><p><strong>2016<\/strong> &#8211; Author of a project on the loss of performance of an ID system in milking parlors.<\/p><p><strong>2017<\/strong> &#8211; Author of a project on the complexity of monitoring leakage currents on a dairy farm.<\/p><p><strong>2017<\/strong> &#8211; Author of a project to adapt the measuring equipment needed to identify a solution adapted to the farm&#8217;s electrical network.<\/p><p><strong>2017<\/strong> &#8211; Author of a project on the negative impact of an electrified controller.<\/p><p><strong>2017<\/strong> &#8211; Author of a project on the refusal to enter a milking parlor or robot.<\/p><p>The wide variety of livestock facilities electrical network in North America, the increasing number of electrical distributions, the complexity and multiplication of production equipment in a context where automation is a necessity, have led Erick to establish a measurement-taking method suitable for present day livestock building&#8217;s electrical network to ensure a highly accurate evaluation.<\/p><p>His ability to popularize the stray voltage phenomenon facilitates his approach with the customer and allows a better understanding of the phenomenon caused by electrical stress.<\/p>\t\t\t\t\t\t\t\t<\/div>\n\t\t\t\t<\/div>\n\t\t\t\t\t<\/div>\n\t\t<\/div>\n\t\t\t\t\t<\/div>\n\t\t<\/section>\n\t\t\t\t\t<\/div>\n\t\t<\/div>\n\t\t\t\t\t<\/div>\n\t\t<\/section>\n\t\t\t\t<section class=\"elementor-section elementor-top-section elementor-element elementor-element-9ef7962 elementor-section-boxed elementor-section-height-default elementor-section-height-default\" data-id=\"9ef7962\" data-element_type=\"section\" data-e-type=\"section\" data-settings=\"{&quot;background_background&quot;:&quot;classic&quot;}\">\n\t\t\t\t\t\t<div class=\"elementor-container elementor-column-gap-default\">\n\t\t\t\t\t<div class=\"elementor-column elementor-col-100 elementor-top-column elementor-element elementor-element-13495d9\" data-id=\"13495d9\" data-element_type=\"column\" data-e-type=\"column\">\n\t\t\t<div class=\"elementor-widget-wrap elementor-element-populated\">\n\t\t\t\t\t\t<section class=\"elementor-section elementor-inner-section elementor-element elementor-element-47c001d elementor-section-boxed elementor-section-height-default elementor-section-height-default\" data-id=\"47c001d\" data-element_type=\"section\" data-e-type=\"section\">\n\t\t\t\t\t\t<div class=\"elementor-container elementor-column-gap-no\">\n\t\t\t\t\t<div class=\"elementor-column elementor-col-33 elementor-inner-column elementor-element elementor-element-5560cd5\" data-id=\"5560cd5\" data-element_type=\"column\" data-e-type=\"column\">\n\t\t\t<div class=\"elementor-widget-wrap elementor-element-populated\">\n\t\t\t\t\t\t<div class=\"elementor-element elementor-element-52f8148 elementor-widget-divider--view-line elementor-widget elementor-widget-divider\" data-id=\"52f8148\" data-element_type=\"widget\" data-e-type=\"widget\" data-widget_type=\"divider.default\">\n\t\t\t\t<div class=\"elementor-widget-container\">\n\t\t\t\t\t\t\t<div class=\"elementor-divider\">\n\t\t\t<span class=\"elementor-divider-separator\">\n\t\t\t\t\t\t<\/span>\n\t\t<\/div>\n\t\t\t\t\t\t<\/div>\n\t\t\t\t<\/div>\n\t\t\t\t<div class=\"elementor-element elementor-element-c2e62d8 elementor-widget elementor-widget-heading\" data-id=\"c2e62d8\" data-element_type=\"widget\" data-e-type=\"widget\" data-widget_type=\"heading.default\">\n\t\t\t\t<div class=\"elementor-widget-container\">\n\t\t\t\t\t<h2 class=\"elementor-heading-title elementor-size-default\">Michel Montreuil<\/h2>\t\t\t\t<\/div>\n\t\t\t\t<\/div>\n\t\t\t\t\t<\/div>\n\t\t<\/div>\n\t\t\t\t<div class=\"elementor-column elementor-col-66 elementor-inner-column elementor-element elementor-element-0f64df3\" data-id=\"0f64df3\" data-element_type=\"column\" data-e-type=\"column\">\n\t\t\t<div class=\"elementor-widget-wrap elementor-element-populated\">\n\t\t\t\t\t\t<div class=\"elementor-element elementor-element-13bf8bb elementor-widget elementor-widget-text-editor\" data-id=\"13bf8bb\" data-element_type=\"widget\" data-e-type=\"widget\" data-widget_type=\"text-editor.default\">\n\t\t\t\t<div class=\"elementor-widget-container\">\n\t\t\t\t\t\t\t\t\t<p>Competition exists in all field, but the experience acquired at EMVolt Inc for developing the segment of market that is stray voltage and particularly the electromagnetic incompatibility, is unique and far exceeds the knowledge acquired by the market.<\/p>\t\t\t\t\t\t\t\t<\/div>\n\t\t\t\t<\/div>\n\t\t\t\t<div class=\"elementor-element elementor-element-4ba860a elementor-widget elementor-widget-text-editor\" data-id=\"4ba860a\" data-element_type=\"widget\" data-e-type=\"widget\" data-widget_type=\"text-editor.default\">\n\t\t\t\t<div class=\"elementor-widget-container\">\n\t\t\t\t\t\t\t\t\t<p>Today, EMVolt Inc possesses this expertise by the addition of Michel Montreuil to its team, developer of numerous technologies in the agricultural field among others, including:<\/p><p><strong>2017<\/strong> &#8211; Inventor of a neutralization method and device for cow trainer&#8217;s leakage current.<\/p><p><strong>2017<\/strong> &#8211; Inventor of a monitoring method and device for leakage current.<\/p><p><strong>2017<\/strong> &#8211; Inventor of a neutralization method and device for leakage current developed to respond current electrical networks that are highly polluted.<\/p><p><strong>2016<\/strong> &#8211; Inventor of a neutralization method and device for ID system antenna&#8217;s leakage current.<\/p><p><strong>2016<\/strong> &#8211; Inventor of a neutralization method and device for milking unit&#8217;s leakage current.<\/p><p><strong>2015<\/strong> &#8211; Author of a research project on the capacity to generate leakage current in milk and water using electrode, capacitive, ultrasound or infrared sensor.<\/p><p><strong>2012<\/strong> &#8211; Author of a research and development project on the possibility that water can carry an electrical current. Identification of the water conductive characteristic and development of a mitigation methodology.<\/p><p><strong>2009<\/strong> &#8211; Author of a research and development project to identify the source of conducted and radiated leakage current generated using electronic lighting and development of adapted filter. Patent protected invention. (Inventor)<\/p><p><strong>2007<\/strong> &#8211; Author of a research and development project on an electrical network monitoring system within the animal environment. Invention protected by patent in many countries. (Inventor)<\/p><p><strong>2003<\/strong> &#8211; Author of the Potential Equalizer technical modifications as requested by the American Authorities for their agricultural market penetration.<\/p><p><strong>2002<\/strong> &#8211; Collaborator in a study report on stray voltage generated by variable frequency drive on a farm.<\/p><p><strong>2002<\/strong> &#8211; Author of a research and development project on noise generator (variable frequency drive, thyristor, etc.), electric fence and cow trainer on the cause of their leaks. Neutralization technologies development. Invention protected by patent. (Inventor)<\/p><p><strong>2000<\/strong> &#8211; Author of a research and development project on a monitoring system to improve management of internal faults in the farm from each of the electrical circuits. Development of a system known as RELAX.<\/p><p><strong>1999<\/strong> &#8211; Author of a research and development project on a measurement methodology of stray current and voltage for Delta type three phase network (California, Wisconsin, etc.).<\/p><p><strong>1998<\/strong> &#8211; Auteur d&#8217;un projet de recherche et d\u00e9veloppement pour une m\u00e9thodologie de mesure des courants et tensions parasites pour les r\u00e9seaux \u00e9lectriques triphas\u00e9s de type \u00e9toile.<\/p><p><strong>1997<\/strong> &#8211; Collaborator in a study report on stray voltage in the dairy farm realized by Breton Banville et Associ\u00e9s s.e.n.c. on:<\/p><p>&#8211; Stray voltage analysis in the animal environment,<\/p><p>&#8211; Analysis of the stray voltage mitigation solution,<\/p><p>&#8211; Development of a measurement methodology for an agricultural installation without reference electrode.<\/p><p><strong>1995<\/strong> &#8211; Author of a research and development project on a stray voltage neutralization system for the international market with a neutralization capacity up to 30 Volts. Patent protected equipment. (Inventor)<\/p><p><strong>1994<\/strong> &#8211; Author of a research and development project on a controlled leakage current end of milking indicator.<\/p><p><strong>1993<\/strong> &#8211; Author of a research and development project on understanding the sources of leakage current generated by the electrodes in the milk jar, milk meters and end of milking indicator.<\/p><p><strong>1992<\/strong> &#8211; Author of a research and development project on a stray voltage neutralization system to add to the Hammond Filter to improve its performances. Patent protected equipment. (Inventor)<\/p><p><strong>1989<\/strong> &#8211; Mandate from Hydro-Quebec to carry out a training course on stray voltage for the accreditation of Master Electricians and their employees.<\/p><p><strong>1988<\/strong> &#8211; Founder of Filtre-Expert for the distribution of the Hammond Filter and technical support to the Master Electricians.<\/p><p><strong>1984<\/strong> &#8211; Michel Montreuil Inc. install the first Hammond Filter in the province of Quebec upon request from the Quebec Office of Electrical Examiners.<\/p>\t\t\t\t\t\t\t\t<\/div>\n\t\t\t\t<\/div>\n\t\t\t\t\t<\/div>\n\t\t<\/div>\n\t\t\t\t\t<\/div>\n\t\t<\/section>\n\t\t\t\t\t<\/div>\n\t\t<\/div>\n\t\t\t\t\t<\/div>\n\t\t<\/section>\n\t\t\t\t<\/div>\n\t\t","protected":false},"excerpt":{"rendered":"<p>Erick Montreuil Throughout his involvement in dairy, hog and poultry farms and in many research projects, Erick was able to develop analysis methodologies, well suited for the particular environment of small, medium and large agricultural exploitation, in order to determine the presence and quantity of leakage current that affect herd performance. This measurement protocols compliance [&hellip;]<\/p>\n","protected":false},"author":1,"featured_media":0,"parent":0,"menu_order":0,"comment_status":"closed","ping_status":"closed","template":"","meta":{"site-sidebar-layout":"no-sidebar","site-content-layout":"page-builder","ast-site-content-layout":"default","site-content-style":"default","site-sidebar-style":"default","ast-global-header-display":"","ast-banner-title-visibility":"","ast-main-header-display":"","ast-hfb-above-header-display":"","ast-hfb-below-header-display":"","ast-hfb-mobile-header-display":"","site-post-title":"disabled","ast-breadcrumbs-content":"disabled","ast-featured-img":"disabled","footer-sml-layout":"","ast-disable-related-posts":"","theme-transparent-header-meta":"enabled","adv-header-id-meta":"","stick-header-meta":"","header-above-stick-meta":"","header-main-stick-meta":"","header-below-stick-meta":"","astra-migrate-meta-layouts":"default","ast-page-background-enabled":"default","ast-page-background-meta":{"desktop":{"background-color":"","background-image":"","background-repeat":"repeat","background-position":"center center","background-size":"auto","background-attachment":"scroll","background-type":"","background-media":"","overlay-type":"","overlay-color":"","overlay-opacity":"","overlay-gradient":""},"tablet":{"background-color":"","background-image":"","background-repeat":"repeat","background-position":"center center","background-size":"auto","background-attachment":"scroll","background-type":"","background-media":"","overlay-type":"","overlay-color":"","overlay-opacity":"","overlay-gradient":""},"mobile":{"background-color":"","background-image":"","background-repeat":"repeat","background-position":"center center","background-size":"auto","background-attachment":"scroll","background-type":"","background-media":"","overlay-type":"","overlay-color":"","overlay-opacity":"","overlay-gradient":""}},"ast-content-background-meta":{"desktop":{"background-color":"var(--ast-global-color-5)","background-image":"","background-repeat":"repeat","background-position":"center center","background-size":"auto","background-attachment":"scroll","background-type":"","background-media":"","overlay-type":"","overlay-color":"","overlay-opacity":"","overlay-gradient":""},"tablet":{"background-color":"var(--ast-global-color-5)","background-image":"","background-repeat":"repeat","background-position":"center center","background-size":"auto","background-attachment":"scroll","background-type":"","background-media":"","overlay-type":"","overlay-color":"","overlay-opacity":"","overlay-gradient":""},"mobile":{"background-color":"var(--ast-global-color-5)","background-image":"","background-repeat":"repeat","background-position":"center center","background-size":"auto","background-attachment":"scroll","background-type":"","background-media":"","overlay-type":"","overlay-color":"","overlay-opacity":"","overlay-gradient":""}},"footnotes":""},"class_list":["post-1692","page","type-page","status-publish","hentry"],"yoast_head":"<!-- This site is optimized with the Yoast SEO plugin v27.2 - https:\/\/yoast.com\/product\/yoast-seo-wordpress\/ -->\n<title>Team - EmVolt<\/title>\n<meta name=\"robots\" content=\"index, follow, max-snippet:-1, max-image-preview:large, max-video-preview:-1\" \/>\n<link rel=\"canonical\" href=\"https:\/\/www.emvolt.com\/en\/team\/\" \/>\n<meta property=\"og:locale\" content=\"en_US\" \/>\n<meta property=\"og:type\" content=\"article\" \/>\n<meta property=\"og:title\" content=\"Team - EmVolt\" \/>\n<meta property=\"og:description\" content=\"Erick Montreuil Throughout his involvement in dairy, hog and poultry farms and in many research projects, Erick was able to develop analysis methodologies, well suited for the particular environment of small, medium and large agricultural exploitation, in order to determine the presence and quantity of leakage current that affect herd performance. This measurement protocols compliance [&hellip;]\" \/>\n<meta property=\"og:url\" content=\"https:\/\/www.emvolt.com\/en\/team\/\" \/>\n<meta property=\"og:site_name\" content=\"EmVolt\" \/>\n<meta property=\"article:modified_time\" content=\"2022-01-31T21:11:05+00:00\" \/>\n<meta property=\"og:image\" content=\"https:\/\/www.emvolt.com\/wp-content\/uploads\/2022\/01\/shutterstock_129388601-min-scaled.jpg\" \/>\n\t<meta property=\"og:image:width\" content=\"2560\" \/>\n\t<meta property=\"og:image:height\" content=\"1422\" \/>\n\t<meta property=\"og:image:type\" content=\"image\/jpeg\" \/>\n<meta name=\"twitter:card\" content=\"summary_large_image\" \/>\n<meta name=\"twitter:label1\" content=\"Est. reading time\" \/>\n\t<meta name=\"twitter:data1\" content=\"5 minutes\" \/>\n<script type=\"application\/ld+json\" class=\"yoast-schema-graph\">{\"@context\":\"https:\/\/schema.org\",\"@graph\":[{\"@type\":\"WebPage\",\"@id\":\"https:\/\/www.emvolt.com\/en\/team\/\",\"url\":\"https:\/\/www.emvolt.com\/en\/team\/\",\"name\":\"Team - EmVolt\",\"isPartOf\":{\"@id\":\"https:\/\/www.emvolt.com\/#website\"},\"datePublished\":\"2021-12-10T23:55:51+00:00\",\"dateModified\":\"2022-01-31T21:11:05+00:00\",\"breadcrumb\":{\"@id\":\"https:\/\/www.emvolt.com\/en\/team\/#breadcrumb\"},\"inLanguage\":\"en-US\",\"potentialAction\":[{\"@type\":\"ReadAction\",\"target\":[\"https:\/\/www.emvolt.com\/en\/team\/\"]}]},{\"@type\":\"BreadcrumbList\",\"@id\":\"https:\/\/www.emvolt.com\/en\/team\/#breadcrumb\",\"itemListElement\":[{\"@type\":\"ListItem\",\"position\":1,\"name\":\"Accueil\",\"item\":\"https:\/\/www.emvolt.com\/en\/home\/\"},{\"@type\":\"ListItem\",\"position\":2,\"name\":\"Team\"}]},{\"@type\":\"WebSite\",\"@id\":\"https:\/\/www.emvolt.com\/#website\",\"url\":\"https:\/\/www.emvolt.com\/\",\"name\":\"EmVolt\",\"description\":\"\",\"publisher\":{\"@id\":\"https:\/\/www.emvolt.com\/#organization\"},\"potentialAction\":[{\"@type\":\"SearchAction\",\"target\":{\"@type\":\"EntryPoint\",\"urlTemplate\":\"https:\/\/www.emvolt.com\/?s={search_term_string}\"},\"query-input\":{\"@type\":\"PropertyValueSpecification\",\"valueRequired\":true,\"valueName\":\"search_term_string\"}}],\"inLanguage\":\"en-US\"},{\"@type\":\"Organization\",\"@id\":\"https:\/\/www.emvolt.com\/#organization\",\"name\":\"EMVolt inc.\",\"url\":\"https:\/\/www.emvolt.com\/\",\"logo\":{\"@type\":\"ImageObject\",\"inLanguage\":\"en-US\",\"@id\":\"https:\/\/www.emvolt.com\/#\/schema\/logo\/image\/\",\"url\":\"https:\/\/www.emvolt.com\/wp-content\/uploads\/2021\/12\/EM_Volt.svg\",\"contentUrl\":\"https:\/\/www.emvolt.com\/wp-content\/uploads\/2021\/12\/EM_Volt.svg\",\"width\":232,\"height\":98,\"caption\":\"EMVolt inc.\"},\"image\":{\"@id\":\"https:\/\/www.emvolt.com\/#\/schema\/logo\/image\/\"}}]}<\/script>\n<!-- \/ Yoast SEO plugin. -->","yoast_head_json":{"title":"Team - EmVolt","robots":{"index":"index","follow":"follow","max-snippet":"max-snippet:-1","max-image-preview":"max-image-preview:large","max-video-preview":"max-video-preview:-1"},"canonical":"https:\/\/www.emvolt.com\/en\/team\/","og_locale":"en_US","og_type":"article","og_title":"Team - EmVolt","og_description":"Erick Montreuil Throughout his involvement in dairy, hog and poultry farms and in many research projects, Erick was able to develop analysis methodologies, well suited for the particular environment of small, medium and large agricultural exploitation, in order to determine the presence and quantity of leakage current that affect herd performance. This measurement protocols compliance [&hellip;]","og_url":"https:\/\/www.emvolt.com\/en\/team\/","og_site_name":"EmVolt","article_modified_time":"2022-01-31T21:11:05+00:00","og_image":[{"width":2560,"height":1422,"url":"https:\/\/www.emvolt.com\/wp-content\/uploads\/2022\/01\/shutterstock_129388601-min-scaled.jpg","type":"image\/jpeg"}],"twitter_card":"summary_large_image","twitter_misc":{"Est. reading time":"5 minutes"},"schema":{"@context":"https:\/\/schema.org","@graph":[{"@type":"WebPage","@id":"https:\/\/www.emvolt.com\/en\/team\/","url":"https:\/\/www.emvolt.com\/en\/team\/","name":"Team - EmVolt","isPartOf":{"@id":"https:\/\/www.emvolt.com\/#website"},"datePublished":"2021-12-10T23:55:51+00:00","dateModified":"2022-01-31T21:11:05+00:00","breadcrumb":{"@id":"https:\/\/www.emvolt.com\/en\/team\/#breadcrumb"},"inLanguage":"en-US","potentialAction":[{"@type":"ReadAction","target":["https:\/\/www.emvolt.com\/en\/team\/"]}]},{"@type":"BreadcrumbList","@id":"https:\/\/www.emvolt.com\/en\/team\/#breadcrumb","itemListElement":[{"@type":"ListItem","position":1,"name":"Accueil","item":"https:\/\/www.emvolt.com\/en\/home\/"},{"@type":"ListItem","position":2,"name":"Team"}]},{"@type":"WebSite","@id":"https:\/\/www.emvolt.com\/#website","url":"https:\/\/www.emvolt.com\/","name":"EmVolt","description":"","publisher":{"@id":"https:\/\/www.emvolt.com\/#organization"},"potentialAction":[{"@type":"SearchAction","target":{"@type":"EntryPoint","urlTemplate":"https:\/\/www.emvolt.com\/?s={search_term_string}"},"query-input":{"@type":"PropertyValueSpecification","valueRequired":true,"valueName":"search_term_string"}}],"inLanguage":"en-US"},{"@type":"Organization","@id":"https:\/\/www.emvolt.com\/#organization","name":"EMVolt inc.","url":"https:\/\/www.emvolt.com\/","logo":{"@type":"ImageObject","inLanguage":"en-US","@id":"https:\/\/www.emvolt.com\/#\/schema\/logo\/image\/","url":"https:\/\/www.emvolt.com\/wp-content\/uploads\/2021\/12\/EM_Volt.svg","contentUrl":"https:\/\/www.emvolt.com\/wp-content\/uploads\/2021\/12\/EM_Volt.svg","width":232,"height":98,"caption":"EMVolt inc."},"image":{"@id":"https:\/\/www.emvolt.com\/#\/schema\/logo\/image\/"}}]}},"_links":{"self":[{"href":"https:\/\/www.emvolt.com\/en\/wp-json\/wp\/v2\/pages\/1692","targetHints":{"allow":["GET"]}}],"collection":[{"href":"https:\/\/www.emvolt.com\/en\/wp-json\/wp\/v2\/pages"}],"about":[{"href":"https:\/\/www.emvolt.com\/en\/wp-json\/wp\/v2\/types\/page"}],"author":[{"embeddable":true,"href":"https:\/\/www.emvolt.com\/en\/wp-json\/wp\/v2\/users\/1"}],"replies":[{"embeddable":true,"href":"https:\/\/www.emvolt.com\/en\/wp-json\/wp\/v2\/comments?post=1692"}],"version-history":[{"count":0,"href":"https:\/\/www.emvolt.com\/en\/wp-json\/wp\/v2\/pages\/1692\/revisions"}],"wp:attachment":[{"href":"https:\/\/www.emvolt.com\/en\/wp-json\/wp\/v2\/media?parent=1692"}],"curies":[{"name":"wp","href":"https:\/\/api.w.org\/{rel}","templated":true}]}}